{"id":258343,"date":"2025-05-27T14:24:05","date_gmt":"2025-05-27T12:24:05","guid":{"rendered":"https:\/\/stage.oktober.de\/gruene-essen\/?page_id=258343"},"modified":"2026-03-04T11:58:03","modified_gmt":"2026-03-04T10:58:03","slug":"impressum","status":"publish","type":"page","link":"https:\/\/stage.oktober.de\/gruene-essen\/impressum\/","title":{"rendered":"Impressum"},"content":{"rendered":"<p>[et_pb_section fb_built=&#8220;1&#8243; custom_padding_last_edited=&#8220;on|phone&#8220; disabled_on=&#8220;off|off|off&#8220; _builder_version=&#8220;4.27.4&#8243; _module_preset=&#8220;default&#8220; background_color=&#8220;gcid-3b72b89c-5cd2-422f-95e1-8f438e35cd49&#8243; custom_margin=&#8220;0px||0px||false|false&#8220; custom_padding=&#8220;120px||120px||true|false&#8220; custom_padding_tablet=&#8220;100px||100px||true|false&#8220; custom_padding_phone=&#8220;90px||90px||true|false&#8220; locked=&#8220;off&#8220; global_colors_info=&#8220;{%22gcid-3b72b89c-5cd2-422f-95e1-8f438e35cd49%22:%91%22background_color%22%93}&#8220;][et_pb_row use_custom_gutter=&#8220;on&#8220; gutter_width=&#8220;1&#8243; make_equal=&#8220;on&#8220; _builder_version=&#8220;4.27.4&#8243; _module_preset=&#8220;default&#8220; width=&#8220;90%&#8220; width_tablet=&#8220;90%&#8220; width_phone=&#8220;90%&#8220; width_last_edited=&#8220;on|desktop&#8220; max_width=&#8220;1280px&#8220; custom_margin=&#8220;||||false|false&#8220; custom_padding=&#8220;0px||0px||false|false&#8220; global_colors_info=&#8220;{}&#8220;][et_pb_column type=&#8220;4_4&#8243; _builder_version=&#8220;4.16.1&#8243; _module_preset=&#8220;default&#8220; custom_padding=&#8220;30px||||false|false&#8220; global_colors_info=&#8220;{}&#8220;][et_pb_heading title=&#8220;Impressum&#8220; _builder_version=&#8220;4.27.4&#8243; _module_preset=&#8220;default&#8220; custom_margin=&#8220;||20px||false|false&#8220; global_colors_info=&#8220;{}&#8220;][\/et_pb_heading][et_pb_text _builder_version=&#8220;4.27.4&#8243; _module_preset=&#8220;default&#8220; header_text_color=&#8220;gcid-primary-color&#8220; locked=&#8220;off&#8220; global_colors_info=&#8220;{%22gcid-primary-color%22:%91%22header_text_color%22%93}&#8220;]<\/p>\n<p>Dieses Internetangebot wird unterhalten von:<\/p>\n<h2>B\u00dcNDNIS 90\/DIE GR\u00dcNEN Ratsfraktion Essen<\/h2>\n<p>Kopstadtplatz 13<br \/>45127 Essen<br \/>Fon 0201 \/ 24 76 4-0<br \/>Fax 0201 \/ 24 76 4-19<\/p>\n<p>Verantwortlich gem\u00e4\u00df \u00a7 5 Telemediengesetz (TMG) f\u00fcr die Ratsfraktion:<\/p>\n<p><strong>Mathias Wittmann<\/strong><br \/>Fraktionsgesch\u00e4ftsf\u00fchrer<br \/>Mail: mathias.wittmann@gruene-fraktion-essen.de<\/p>\n<p>und<\/p>\n<h2>B\u00dcNDNIS 90\/DIE GR\u00dcNEN Kreisverband Essen<\/h2>\n<p>Kopstadtplatz 13<br \/>45127 Essen<br \/>Fon 0201 \/ 24 76 4-33<br \/>Fax 0201 \/ 24 76 4-30<br \/>Mail: <a href=\"mailto:kv@gruene-essen.de\" target=\"_blank\" rel=\"noopener\">kv@gruene-essen.de<\/a><\/p>\n<p>Verantwortlich gem\u00e4\u00df \u00a7 5 Telemediengesetz (TMG) f\u00fcr den Kreisverband:<\/p>\n<p><strong>Sebastian Girrullis<\/strong><br \/>Kreisgesch\u00e4ftsf\u00fchrer<\/p>\n<p>&nbsp;<\/p>\n<h2>Spenden und Bankverbindung<\/h2>\n<p>B\u00fcndnis 90\/Die Gr\u00fcnen Essen<br \/>Sparkasse Essen<br \/>IBAN: DE61 3605 0105 0000 2052 11<\/p>\n<p>&nbsp;<\/p>\n<h2>Konzeption, Gestaltung und Umsetzung<\/h2>\n<p><strong>Oktober Kommunikationsdesign GmbH<\/strong><br \/>Willy-Brandt-Platz 5-7<br \/>44787 Bochum<\/p>\n<p><a href=\"https:\/\/www.oktober.de\" target=\"_blank\" rel=\"noopener\">www.oktober.de<\/a><\/p>\n<p>&nbsp;<\/p>\n<h2>Haftung f\u00fcr Links<\/h2>\n<p>Trotz sorgf\u00e4ltiger inhaltlicher Kontrolle \u00fcbernehmen wir keine Haftung f\u00fcr die Inhalte externer Links.<br \/>F\u00fcr den Inhalt der verlinkten Seiten sind ausschlie\u00dflich deren Betreiber verantwortlich.<\/p>\n<p>[\/et_pb_text][\/et_pb_column][\/et_pb_row][\/et_pb_section]<\/p>\n","protected":false},"excerpt":{"rendered":"<p>Dieses Internetangebot wird unterhalten von: B\u00dcNDNIS 90\/DIE GR\u00dcNEN Ratsfraktion Essen Kopstadtplatz 1345127 EssenFon 0201 \/ 24 76 4-0Fax 0201 \/ 24 76 4-19 Verantwortlich gem\u00e4\u00df \u00a7 5 Telemediengesetz (TMG) f\u00fcr die Ratsfraktion: Mathias WittmannFraktionsgesch\u00e4ftsf\u00fchrerMail: mathias.wittmann@gruene-fraktion-essen.de und B\u00dcNDNIS 90\/DIE GR\u00dcNEN Kreisverband Essen Kopstadtplatz 1345127 EssenFon 0201 \/ 24 76 4-33Fax 0201 \/ 24 76 4-30Mail: kv@gruene-essen.de [&hellip;]<\/p>\n","protected":false},"author":1,"featured_media":0,"parent":0,"menu_order":12,"comment_status":"closed","ping_status":"closed","template":"","meta":{"_acf_changed":false,"_et_pb_use_builder":"on","_et_pb_old_content":"","_et_gb_content_width":"","footnotes":""},"page_category":[],"class_list":["post-258343","page","type-page","status-publish","hentry"],"acf":[],"_links":{"self":[{"href":"https:\/\/stage.oktober.de\/gruene-essen\/wp-json\/wp\/v2\/pages\/258343","targetHints":{"allow":["GET"]}}],"collection":[{"href":"https:\/\/stage.oktober.de\/gruene-essen\/wp-json\/wp\/v2\/pages"}],"about":[{"href":"https:\/\/stage.oktober.de\/gruene-essen\/wp-json\/wp\/v2\/types\/page"}],"author":[{"embeddable":true,"href":"https:\/\/stage.oktober.de\/gruene-essen\/wp-json\/wp\/v2\/users\/1"}],"replies":[{"embeddable":true,"href":"https:\/\/stage.oktober.de\/gruene-essen\/wp-json\/wp\/v2\/comments?post=258343"}],"version-history":[{"count":6,"href":"https:\/\/stage.oktober.de\/gruene-essen\/wp-json\/wp\/v2\/pages\/258343\/revisions"}],"predecessor-version":[{"id":263521,"href":"https:\/\/stage.oktober.de\/gruene-essen\/wp-json\/wp\/v2\/pages\/258343\/revisions\/263521"}],"wp:attachment":[{"href":"https:\/\/stage.oktober.de\/gruene-essen\/wp-json\/wp\/v2\/media?parent=258343"}],"wp:term":[{"taxonomy":"page_category","embeddable":true,"href":"https:\/\/stage.oktober.de\/gruene-essen\/wp-json\/wp\/v2\/page_category?post=258343"}],"curies":[{"name":"wp","href":"https:\/\/api.w.org\/{rel}","templated":true}]}}