{"id":258352,"date":"2025-05-27T14:25:07","date_gmt":"2025-05-27T12:25:07","guid":{"rendered":"https:\/\/stage.oktober.de\/gruene-essen\/?page_id=258352"},"modified":"2026-03-13T11:57:40","modified_gmt":"2026-03-13T10:57:40","slug":"kontakt","status":"publish","type":"page","link":"https:\/\/stage.oktober.de\/gruene-essen\/kontakt\/","title":{"rendered":"Kontakt"},"content":{"rendered":"<p>[et_pb_section fb_built=&#8220;1&#8243; custom_padding_last_edited=&#8220;on|desktop&#8220; disabled_on=&#8220;off|off|off&#8220; admin_label=&#8220;headline + contacts section&#8220; _builder_version=&#8220;4.27.4&#8243; _module_preset=&#8220;default&#8220; background_color=&#8220;gcid-3b72b89c-5cd2-422f-95e1-8f438e35cd49&#8243; custom_margin=&#8220;0px||0px||false|false&#8220; custom_padding=&#8220;120px||20px||false|false&#8220; custom_padding_tablet=&#8220;100px||||false|false&#8220; custom_padding_phone=&#8220;90px||||false|false&#8220; locked=&#8220;off&#8220; global_colors_info=&#8220;{%22gcid-3b72b89c-5cd2-422f-95e1-8f438e35cd49%22:%91%22background_color%22%93}&#8220;][et_pb_row use_custom_gutter=&#8220;on&#8220; gutter_width=&#8220;1&#8243; make_equal=&#8220;on&#8220; admin_label=&#8220;headline row&#8220; _builder_version=&#8220;4.27.4&#8243; _module_preset=&#8220;default&#8220; width=&#8220;90%&#8220; width_tablet=&#8220;90%&#8220; width_phone=&#8220;90%&#8220; width_last_edited=&#8220;on|desktop&#8220; max_width=&#8220;1920px&#8220; custom_padding=&#8220;0px||0px||false|false&#8220; global_colors_info=&#8220;{}&#8220;][et_pb_column type=&#8220;4_4&#8243; _builder_version=&#8220;4.16.1&#8243; _module_preset=&#8220;default&#8220; custom_padding=&#8220;30px||||false|false&#8220; global_colors_info=&#8220;{}&#8220;][et_pb_text quote_border_weight=&#8220;3px&#8220; quote_border_color=&#8220;gcid-a1322cde-11fa-49ad-bfde-4bfcbfab6344&#8243; _builder_version=&#8220;4.27.4&#8243; _module_preset=&#8220;default&#8220; text_font=&#8220;PT Sans||||||||&#8220; text_text_color=&#8220;#000000&#8243; text_line_height=&#8220;1.6em&#8220; link_font=&#8220;PT Sans||||on|||#000000|dotted&#8220; link_text_color=&#8220;gcid-a1322cde-11fa-49ad-bfde-4bfcbfab6344&#8243; link_font_size=&#8220;20px&#8220; link_line_height=&#8220;1.6em&#8220; ul_font=&#8220;PT Sans||||||||&#8220; ul_text_color=&#8220;#000000&#8243; ul_font_size=&#8220;20px&#8220; ul_line_height=&#8220;1.6em&#8220; ol_font=&#8220;PT Sans||||||||&#8220; ol_text_color=&#8220;#000000&#8243; ol_font_size=&#8220;20px&#8220; ol_line_height=&#8220;1.6em&#8220; quote_text_color=&#8220;gcid-a1322cde-11fa-49ad-bfde-4bfcbfab6344&#8243; quote_font_size=&#8220;26px&#8220; quote_line_height=&#8220;1.6em&#8220; header_font=&#8220;Gruenetype||||||||&#8220; header_text_color=&#8220;gcid-26293277-91c6-4eda-968e-3d49aa22b88e&#8220; header_font_size=&#8220;46px&#8220; header_line_height=&#8220;1.2em&#8220; header_2_font=&#8220;Gruenetype||||||||&#8220; header_2_text_color=&#8220;gcid-26293277-91c6-4eda-968e-3d49aa22b88e&#8220; header_2_font_size=&#8220;38px&#8220; header_2_line_height=&#8220;1.2em&#8220; header_3_font=&#8220;Gruenetype||||||||&#8220; header_3_text_color=&#8220;gcid-26293277-91c6-4eda-968e-3d49aa22b88e&#8220; header_3_font_size=&#8220;32px&#8220; header_3_line_height=&#8220;1.2em&#8220; header_4_font=&#8220;Gruenetype||||||||&#8220; header_4_text_color=&#8220;gcid-26293277-91c6-4eda-968e-3d49aa22b88e&#8220; header_4_font_size=&#8220;28px&#8220; header_4_line_height=&#8220;1.2em&#8220; header_5_font=&#8220;Gruenetype||||||||&#8220; header_5_text_color=&#8220;gcid-26293277-91c6-4eda-968e-3d49aa22b88e&#8220; header_5_font_size=&#8220;24px&#8220; header_5_line_height=&#8220;1.2em&#8220; header_6_font=&#8220;Gruenetype||||||||&#8220; header_6_text_color=&#8220;gcid-26293277-91c6-4eda-968e-3d49aa22b88e&#8220; header_6_font_size=&#8220;22px&#8220; header_6_line_height=&#8220;1.2em&#8220; custom_margin=&#8220;0px||0px||false|false&#8220; custom_padding=&#8220;0px||0px||false|false&#8220; link_font_size_tablet=&#8220;18px&#8220; link_font_size_phone=&#8220;16px&#8220; link_font_size_last_edited=&#8220;on|tablet&#8220; ul_font_size_tablet=&#8220;18px&#8220; ul_font_size_phone=&#8220;16px&#8220; ul_font_size_last_edited=&#8220;on|phone&#8220; ol_font_size_tablet=&#8220;18px&#8220; ol_font_size_phone=&#8220;16px&#8220; ol_font_size_last_edited=&#8220;on|desktop&#8220; quote_font_size_tablet=&#8220;24px&#8220; quote_font_size_phone=&#8220;20px&#8220; quote_font_size_last_edited=&#8220;on|phone&#8220; header_font_size_tablet=&#8220;38px&#8220; header_font_size_phone=&#8220;32px&#8220; header_font_size_last_edited=&#8220;on|desktop&#8220; header_2_font_size_tablet=&#8220;32px&#8220; header_2_font_size_phone=&#8220;28px&#8220; header_2_font_size_last_edited=&#8220;on|phone&#8220; header_3_font_size_tablet=&#8220;28px&#8220; header_3_font_size_phone=&#8220;24px&#8220; header_3_font_size_last_edited=&#8220;on|desktop&#8220; header_4_font_size_tablet=&#8220;24px&#8220; header_4_font_size_phone=&#8220;22px&#8220; header_4_font_size_last_edited=&#8220;on|desktop&#8220; header_5_font_size_tablet=&#8220;22px&#8220; header_5_font_size_phone=&#8220;20px&#8220; header_5_font_size_last_edited=&#8220;on|desktop&#8220; header_6_font_size_tablet=&#8220;20px&#8220; header_6_font_size_phone=&#8220;18px&#8220; header_6_font_size_last_edited=&#8220;on|desktop&#8220; global_colors_info=&#8220;{%22gcid-26293277-91c6-4eda-968e-3d49aa22b88e%22:%91%22header_text_color%22,%22link_text_color__hover%22,%22header_text_color%22,%22header_2_text_color%22,%22header_3_text_color%22,%22header_4_text_color%22,%22header_5_text_color%22,%22header_6_text_color%22%93,%22gcid-a1322cde-11fa-49ad-bfde-4bfcbfab6344%22:%91%22link_text_color%22,%22quote_text_color%22,%22quote_border_color%22%93}&#8220; link_text_color__hover=&#8220;#005437&#8243; link_text_color__hover_enabled=&#8220;on|desktop&#8220;]<\/p>\n<h1>Kontakt<\/h1>\n<p>[\/et_pb_text][et_pb_text ol_position=&#8220;outside&#8220; ol_item_indent=&#8220;20px&#8220; quote_border_weight=&#8220;3px&#8220; quote_border_color=&#8220;gcid-a1322cde-11fa-49ad-bfde-4bfcbfab6344&#8243; _builder_version=&#8220;4.27.4&#8243; _module_preset=&#8220;80476f27-6bc1-43ce-9ebb-b607a92ae3ed&#8220; text_font=&#8220;PT Sans|500|||||||&#8220; text_text_color=&#8220;gcid-26293277-91c6-4eda-968e-3d49aa22b88e&#8220; text_font_size=&#8220;25px&#8220; text_line_height=&#8220;1.6em&#8220; link_font=&#8220;PT Sans||||on|||#000000|dotted&#8220; link_text_color=&#8220;gcid-26293277-91c6-4eda-968e-3d49aa22b88e&#8220; link_font_size=&#8220;20px&#8220; link_line_height=&#8220;1.6em&#8220; ul_font=&#8220;PT Sans||||||||&#8220; ul_text_color=&#8220;#000000&#8243; ul_font_size=&#8220;20px&#8220; ul_line_height=&#8220;1.6em&#8220; ol_font=&#8220;PT Sans||||||||&#8220; ol_text_color=&#8220;#000000&#8243; ol_font_size=&#8220;20px&#8220; ol_line_height=&#8220;1.6em&#8220; quote_font=&#8220;PT Sans||||||||&#8220; quote_text_color=&#8220;gcid-a1322cde-11fa-49ad-bfde-4bfcbfab6344&#8243; quote_font_size=&#8220;26px&#8220; quote_line_height=&#8220;1.6em&#8220; header_font=&#8220;Gruenetype||||||||&#8220; header_text_align=&#8220;left&#8220; header_text_color=&#8220;#005437&#8243; header_font_size=&#8220;48px&#8220; header_line_height=&#8220;1.1em&#8220; header_2_font=&#8220;Gruenetype||||||||&#8220; header_2_text_color=&#8220;#005437&#8243; header_2_font_size=&#8220;38px&#8220; header_2_line_height=&#8220;1.2em&#8220; header_3_font=&#8220;Gruenetype||||||||&#8220; header_3_text_color=&#8220;#005437&#8243; header_3_font_size=&#8220;32px&#8220; header_3_line_height=&#8220;1.2em&#8220; header_4_font=&#8220;Gruenetype||||||||&#8220; header_4_text_color=&#8220;#005437&#8243; header_4_font_size=&#8220;28px&#8220; header_4_line_height=&#8220;1.2em&#8220; header_5_font=&#8220;Gruenetype||||||||&#8220; header_5_text_color=&#8220;#005437&#8243; header_5_font_size=&#8220;24px&#8220; header_5_line_height=&#8220;1.2em&#8220; header_6_font=&#8220;Gruenetype||||||||&#8220; header_6_text_color=&#8220;#005437&#8243; header_6_font_size=&#8220;22px&#8220; header_6_line_height=&#8220;1.2em&#8220; custom_margin=&#8220;-10px||0px||false|false&#8220; custom_margin_tablet=&#8220;0px||0px||false|false&#8220; custom_margin_phone=&#8220;0px||0px||false|false&#8220; custom_margin_last_edited=&#8220;on|tablet&#8220; custom_padding=&#8220;0px||0px||false|false&#8220; text_font_size_tablet=&#8220;21px&#8220; text_font_size_phone=&#8220;19px&#8220; text_font_size_last_edited=&#8220;on|phone&#8220; link_font_size_tablet=&#8220;18px&#8220; link_font_size_phone=&#8220;16px&#8220; link_font_size_last_edited=&#8220;on|tablet&#8220; ul_font_size_tablet=&#8220;18px&#8220; ul_font_size_phone=&#8220;16px&#8220; ul_font_size_last_edited=&#8220;on|tablet&#8220; ol_font_size_tablet=&#8220;18px&#8220; ol_font_size_phone=&#8220;16px&#8220; ol_font_size_last_edited=&#8220;on|tablet&#8220; quote_font_size_tablet=&#8220;24px&#8220; quote_font_size_phone=&#8220;20px&#8220; quote_font_size_last_edited=&#8220;on|desktop&#8220; header_font_size_tablet=&#8220;40px&#8220; header_font_size_phone=&#8220;40px&#8220; header_font_size_last_edited=&#8220;on|tablet&#8220; header_2_font_size_tablet=&#8220;32px&#8220; header_2_font_size_phone=&#8220;28px&#8220; header_2_font_size_last_edited=&#8220;on|tablet&#8220; header_3_font_size_tablet=&#8220;28px&#8220; header_3_font_size_phone=&#8220;24px&#8220; header_3_font_size_last_edited=&#8220;on|tablet&#8220; header_4_font_size_tablet=&#8220;24px&#8220; header_4_font_size_phone=&#8220;22px&#8220; header_4_font_size_last_edited=&#8220;on|tablet&#8220; header_5_font_size_tablet=&#8220;22px&#8220; header_5_font_size_phone=&#8220;20px&#8220; header_5_font_size_last_edited=&#8220;on|tablet&#8220; header_6_font_size_tablet=&#8220;20px&#8220; header_6_font_size_phone=&#8220;18px&#8220; header_6_font_size_last_edited=&#8220;on|phone&#8220; global_colors_info=&#8220;{%22gcid-26293277-91c6-4eda-968e-3d49aa22b88e%22:%91%22text_text_color%22,%22link_text_color%22%93,%22gcid-a1322cde-11fa-49ad-bfde-4bfcbfab6344%22:%91%22quote_text_color%22,%22quote_border_color%22%93}&#8220; text_text_color__hover_enabled=&#8220;on|desktop&#8220; link_text_color__hover=&#8220;#005437&#8243; link_text_color__hover_enabled=&#8220;on|desktop&#8220; text_text_color__hover=&#8220;#005437&#8243;]<\/p>\n<p>B\u00fcndnis 90 \/ Die Gr\u00fcnen in Essen<\/p>\n<p>[\/et_pb_text][\/et_pb_column][\/et_pb_row][et_pb_row column_structure=&#8220;1_3,1_3,1_3&#8243; admin_label=&#8220;contacts row&#8220; _builder_version=&#8220;4.27.4&#8243; _module_preset=&#8220;default&#8220; width=&#8220;90%&#8220; max_width=&#8220;1920px&#8220; custom_margin=&#8220;40px||40px||true|false&#8220; global_colors_info=&#8220;{}&#8220;][et_pb_column type=&#8220;1_3&#8243; admin_label=&#8220;contact-1 column&#8220; _builder_version=&#8220;4.27.4&#8243; _module_preset=&#8220;default&#8220; global_colors_info=&#8220;{}&#8220;][et_pb_text _builder_version=&#8220;4.27.4&#8243; _module_preset=&#8220;default&#8220; text_text_color=&#8220;gcid-body-color&#8220; link_text_color=&#8220;gcid-primary-color&#8220; global_colors_info=&#8220;{%22gcid-primary-color%22:%91%22link_text_color%22%93,%22gcid-body-color%22:%91%22link_text_color__hover%22,%22text_text_color%22%93}&#8220; link_text_color__hover_enabled=&#8220;on|hover&#8220; link_text_color__hover=&#8220;#002216&#8243;]<\/p>\n<h5>Kreisgesch\u00e4ftsstelle<\/h5>\n<p>Kopstadtplatz 13<br \/>45127 Essen<br \/>2. Etage links<\/p>\n<p>0201 24 76 433<br \/><a href=\"mailto:kreisverband@gruene-essen.de\" target=\"_blank\" rel=\"noopener\">kreisverband@gruene-essen.de<\/a><\/p>\n<p>&nbsp;<\/p>\n<h5>Gesch\u00e4ftszeiten<\/h5>\n<p>Montag bis Donnerstag 9.00 \u2013 15.00 Uhr<br \/>Freitag 9.00 \u2013 13.00 Uhr<\/p>\n<p>[\/et_pb_text][\/et_pb_column][et_pb_column type=&#8220;1_3&#8243; admin_label=&#8220;contact-2 column&#8220; _builder_version=&#8220;4.27.4&#8243; _module_preset=&#8220;default&#8220; global_colors_info=&#8220;{}&#8220;][et_pb_text _builder_version=&#8220;4.27.4&#8243; _module_preset=&#8220;default&#8220; text_text_color=&#8220;gcid-body-color&#8220; link_text_color=&#8220;gcid-primary-color&#8220; global_colors_info=&#8220;{%22gcid-body-color%22:%91%22text_text_color%22,%22link_text_color__hover%22%93,%22gcid-primary-color%22:%91%22link_text_color%22%93}&#8220; link_text_color__hover_enabled=&#8220;on|hover&#8220; link_text_color__hover=&#8220;#002216&#8243;]<\/p>\n<h5>Fraktionsgesch\u00e4ftsstelle<\/h5>\n<p>Kopstadtplatz 13<br \/>45127 Essen<br \/>2. Etage rechts<\/p>\n<p>0201 24 76 40<br \/><a href=\"mailto:info@gruene-fraktion-essen.de\" target=\"_blank\" rel=\"noopener\">info@gruene-fraktion-essen.de<\/a><\/p>\n<p>&nbsp;<\/p>\n<h5>Gesch\u00e4ftszeiten<\/h5>\n<p>Montag bis Freitag 9.00 \u2013 15.00 Uhr<\/p>\n<p>[\/et_pb_text][\/et_pb_column][et_pb_column type=&#8220;1_3&#8243; admin_label=&#8220;empty column&#8220; _builder_version=&#8220;4.27.4&#8243; _module_preset=&#8220;default&#8220; global_colors_info=&#8220;{}&#8220;][\/et_pb_column][\/et_pb_row][\/et_pb_section][et_pb_section fb_built=&#8220;1&#8243; disabled_on=&#8220;off|off|off&#8220; admin_label=&#8220;teams section&#8220; _builder_version=&#8220;4.27.4&#8243; _module_preset=&#8220;default&#8220; background_color=&#8220;gcid-3b72b89c-5cd2-422f-95e1-8f438e35cd49&#8243; custom_margin=&#8220;0px||0px||false|false&#8220; custom_padding=&#8220;0px||0px||false|false&#8220; locked=&#8220;on&#8220; global_colors_info=&#8220;{%22gcid-3b72b89c-5cd2-422f-95e1-8f438e35cd49%22:%91%22background_color%22%93}&#8220;][et_pb_row use_custom_gutter=&#8220;on&#8220; gutter_width=&#8220;1&#8243; make_equal=&#8220;on&#8220; admin_label=&#8220;headline row&#8220; _builder_version=&#8220;4.27.4&#8243; _module_preset=&#8220;default&#8220; width=&#8220;90%&#8220; width_tablet=&#8220;90%&#8220; width_phone=&#8220;90%&#8220; width_last_edited=&#8220;on|desktop&#8220; max_width=&#8220;1920px&#8220; custom_margin=&#8220;0px||0px||false|false&#8220; custom_padding=&#8220;0px||0px||false|false&#8220; global_colors_info=&#8220;{}&#8220;][et_pb_column type=&#8220;4_4&#8243; _builder_version=&#8220;4.16.1&#8243; _module_preset=&#8220;default&#8220; custom_padding=&#8220;30px||||false|false&#8220; global_colors_info=&#8220;{}&#8220;][et_pb_text ol_position=&#8220;outside&#8220; ol_item_indent=&#8220;20px&#8220; quote_border_weight=&#8220;3px&#8220; quote_border_color=&#8220;gcid-a1322cde-11fa-49ad-bfde-4bfcbfab6344&#8243; _builder_version=&#8220;4.27.4&#8243; _module_preset=&#8220;80476f27-6bc1-43ce-9ebb-b607a92ae3ed&#8220; text_font=&#8220;PT Sans|500|||||||&#8220; text_text_color=&#8220;gcid-ce84a478-15d4-40ba-975b-ff4111a76438&#8243; text_font_size=&#8220;20px&#8220; text_line_height=&#8220;1.6em&#8220; link_font=&#8220;PT Sans||||on|||#000000|dotted&#8220; link_text_color=&#8220;gcid-26293277-91c6-4eda-968e-3d49aa22b88e&#8220; link_font_size=&#8220;20px&#8220; link_line_height=&#8220;1.6em&#8220; ul_font=&#8220;PT Sans||||||||&#8220; ul_text_color=&#8220;#000000&#8243; ul_font_size=&#8220;20px&#8220; ul_line_height=&#8220;1.6em&#8220; ol_font=&#8220;PT Sans||||||||&#8220; ol_text_color=&#8220;#000000&#8243; ol_font_size=&#8220;20px&#8220; ol_line_height=&#8220;1.6em&#8220; quote_font=&#8220;PT Sans||||||||&#8220; quote_text_color=&#8220;gcid-a1322cde-11fa-49ad-bfde-4bfcbfab6344&#8243; quote_font_size=&#8220;26px&#8220; quote_line_height=&#8220;1.6em&#8220; header_font=&#8220;||||||||&#8220; header_text_color=&#8220;gcid-heading-color&#8220; header_font_size=&#8220;46px&#8220; header_line_height=&#8220;1.2em&#8220; header_2_font=&#8220;Gruenetype||||||||&#8220; header_2_text_color=&#8220;#005437&#8243; header_2_font_size=&#8220;38px&#8220; header_2_line_height=&#8220;1.2em&#8220; header_3_font=&#8220;Gruenetype||||||||&#8220; header_3_text_color=&#8220;#005437&#8243; header_3_font_size=&#8220;32px&#8220; header_3_line_height=&#8220;1.2em&#8220; header_4_font=&#8220;Gruenetype||||||||&#8220; header_4_text_color=&#8220;#005437&#8243; header_4_font_size=&#8220;28px&#8220; header_4_line_height=&#8220;1.2em&#8220; header_5_font=&#8220;Gruenetype||||||||&#8220; header_5_text_color=&#8220;#005437&#8243; header_5_font_size=&#8220;24px&#8220; header_5_line_height=&#8220;1.2em&#8220; header_6_font=&#8220;Gruenetype||||||||&#8220; header_6_text_color=&#8220;#005437&#8243; header_6_font_size=&#8220;22px&#8220; header_6_line_height=&#8220;1.2em&#8220; custom_margin=&#8220;0px||0px||false|false&#8220; custom_padding=&#8220;0px||0px||false|false&#8220; custom_padding_tablet=&#8220;||0px||false|false&#8220; custom_padding_phone=&#8220;0px||||false|false&#8220; custom_padding_last_edited=&#8220;on|desktop&#8220; text_font_size_tablet=&#8220;18px&#8220; text_font_size_phone=&#8220;16px&#8220; text_font_size_last_edited=&#8220;on|phone&#8220; link_font_size_tablet=&#8220;18px&#8220; link_font_size_phone=&#8220;16px&#8220; link_font_size_last_edited=&#8220;on|tablet&#8220; ul_font_size_tablet=&#8220;18px&#8220; ul_font_size_phone=&#8220;16px&#8220; ul_font_size_last_edited=&#8220;on|tablet&#8220; ol_font_size_tablet=&#8220;18px&#8220; ol_font_size_phone=&#8220;16px&#8220; ol_font_size_last_edited=&#8220;on|tablet&#8220; quote_font_size_tablet=&#8220;24px&#8220; quote_font_size_phone=&#8220;20px&#8220; quote_font_size_last_edited=&#8220;on|desktop&#8220; header_font_size_tablet=&#8220;38px&#8220; header_font_size_phone=&#8220;32px&#8220; header_font_size_last_edited=&#8220;on|tablet&#8220; header_2_font_size_tablet=&#8220;32px&#8220; header_2_font_size_phone=&#8220;28px&#8220; header_2_font_size_last_edited=&#8220;on|tablet&#8220; header_3_font_size_tablet=&#8220;28px&#8220; header_3_font_size_phone=&#8220;24px&#8220; header_3_font_size_last_edited=&#8220;on|tablet&#8220; header_4_font_size_tablet=&#8220;24px&#8220; header_4_font_size_phone=&#8220;22px&#8220; header_4_font_size_last_edited=&#8220;on|tablet&#8220; header_5_font_size_tablet=&#8220;22px&#8220; header_5_font_size_phone=&#8220;20px&#8220; header_5_font_size_last_edited=&#8220;on|tablet&#8220; header_6_font_size_tablet=&#8220;20px&#8220; header_6_font_size_phone=&#8220;18px&#8220; header_6_font_size_last_edited=&#8220;on|phone&#8220; global_colors_info=&#8220;{%22gcid-26293277-91c6-4eda-968e-3d49aa22b88e%22:%91%22link_text_color%22%93,%22gcid-a1322cde-11fa-49ad-bfde-4bfcbfab6344%22:%91%22quote_text_color%22,%22quote_border_color%22%93,%22gcid-heading-color%22:%91%22header_text_color%22%93}&#8220; text_text_color__hover_enabled=&#8220;on|desktop&#8220; link_text_color__hover=&#8220;#005437&#8243; link_text_color__hover_enabled=&#8220;on|desktop&#8220; text_text_color__hover=&#8220;gcid-ce84a478-15d4-40ba-975b-ff4111a76438&#8243;]<\/p>\n<h2>Unser Team<\/h2>\n<p>[\/et_pb_text][\/et_pb_column][\/et_pb_row][et_pb_row use_custom_gutter=&#8220;on&#8220; gutter_width=&#8220;2&#8243; custom_padding_last_edited=&#8220;on|desktop&#8220; admin_label=&#8220;teamcards row&#8220; _builder_version=&#8220;4.27.4&#8243; _module_preset=&#8220;default&#8220; background_color=&#8220;RGBA(255,255,255,0)&#8220; width=&#8220;90%&#8220; width_tablet=&#8220;90%&#8220; width_phone=&#8220;90%&#8220; width_last_edited=&#8220;on|desktop&#8220; max_width=&#8220;1920px&#8220; custom_margin=&#8220;-20px||0px||false|false&#8220; custom_margin_tablet=&#8220;-20px||0px||false|false&#8220; custom_margin_phone=&#8220;-20px||0px||false|false&#8220; custom_margin_last_edited=&#8220;on|phone&#8220; custom_padding=&#8220;0px||40px||false|false&#8220; custom_padding_tablet=&#8220;0px||40px||false|false&#8220; custom_padding_phone=&#8220;0px||40px||false|false&#8220; global_colors_info=&#8220;{}&#8220; custom_padding__sticky_enabled=&#8220;on|sticky&#8220; custom_padding__sticky=&#8220;20px||||false|false&#8220;][et_pb_column type=&#8220;4_4&#8243; module_class=&#8220;filtercolumn&#8220; _builder_version=&#8220;4.20.2&#8243; _module_preset=&#8220;default&#8220; custom_padding=&#8220;||||false|false&#8220; custom_css_main_element=&#8220;display:flex;&#8220; global_colors_info=&#8220;{}&#8220;][et_pb_de_mach_archive_loop post_type_choose=&#8220;personen&#8220; loop_layout=&#8220;259762&#8243; animation_color=&#8220;gcid-primary-color&#8220; loading_bg_color=&#8220;gcid-3b72b89c-5cd2-422f-95e1-8f438e35cd49&#8243; no_posts_layout=&#8220;260044&#8243; groupping_post_object=&#8220;on&#8220; groupping_taxonomy=&#8220;personen_category&#8220; posts_number=&#8220;20&#8243; custom_tax_choose=&#8220;personen_category&#8220; include_taxomony=&#8220;geschaeftsstelle-partei, geschaeftsstelle-ratsfraktion&#8220; sort_order=&#8220;acf_field&#8220; acf_sort_field=&#8220;field_626a6c5df4b1f&#8220; enable_loadmore=&#8220;on&#8220; loadmore_text=&#8220;Weitere laden&#8220; loadmore_text_loading=&#8220;laden&#8230;&#8220; equal_height=&#8220;off&#8220; align_last_bottom=&#8220;off&#8220; columns_tablet=&#8220;3&#8243; columns_mobile=&#8220;2&#8243; custom_gutter_width=&#8220;on&#8220; gutter_row_gap=&#8220;20px&#8220; gutter_row_column=&#8220;20px&#8220; _builder_version=&#8220;4.27.4&#8243; _module_preset=&#8220;default&#8220; grouping_tax_title_font=&#8220;GrueneType||||||||&#8220; grouping_tax_title_text_color=&#8220;gcid-primary-color&#8220; grouping_tax_title_font_size=&#8220;1.5rem&#8220; custom_button=&#8220;on&#8220; button_text_size=&#8220;16px&#8220; button_text_color=&#8220;gcid-5b2f8ba8-1fd0-4665-a6e9-fac0cff000e8&#8243; button_bg_color=&#8220;gcid-26293277-91c6-4eda-968e-3d49aa22b88e&#8220; button_border_width=&#8220;0px&#8220; button_border_color=&#8220;RGBA(255,255,255,0)&#8220; button_border_radius=&#8220;100px&#8220; button_font=&#8220;PT Sans|700|||||||&#8220; button_use_icon=&#8220;off&#8220; button_custom_margin=&#8220;0px||0px||false|false&#8220; button_custom_padding=&#8220;8px|24px|8px|24px|true|false&#8220; button_custom_padding_tablet=&#8220;8px||8px||true|false&#8220; button_custom_padding_phone=&#8220;8px||8px||true|false&#8220; button_custom_padding_last_edited=&#8220;on|phone&#8220; vertical_offset_tablet=&#8220;&#8220; vertical_offset_phone=&#8220;&#8220; vertical_offset_last_edited=&#8220;on|phone&#8220; position_origin_a_tablet=&#8220;&#8220; position_origin_a_phone=&#8220;&#8220; position_origin_a_last_edited=&#8220;on|phone&#8220; position_origin_f_tablet=&#8220;&#8220; position_origin_f_phone=&#8220;&#8220; position_origin_f_last_edited=&#8220;on|phone&#8220; position_origin_r_tablet=&#8220;&#8220; position_origin_r_phone=&#8220;&#8220; position_origin_r_last_edited=&#8220;on|phone&#8220; width=&#8220;100%&#8220; hover_enabled=&#8220;0&#8243; grouping_tax_title_font_size_tablet=&#8220;1.38rem&#8220; grouping_tax_title_font_size_phone=&#8220;1.13rem&#8220; grouping_tax_title_font_size_last_edited=&#8220;on|phone&#8220; button_text_size_tablet=&#8220;15px&#8220; button_text_size_phone=&#8220;14px&#8220; button_text_size_last_edited=&#8220;on|phone&#8220; positioning_tablet=&#8220;&#8220; positioning_phone=&#8220;&#8220; positioning_last_edited=&#8220;on|phone&#8220; global_colors_info=&#8220;{%22gcid-5b2f8ba8-1fd0-4665-a6e9-fac0cff000e8%22:%91%22button_text_color%22,%22button_icon_color%22%93,%22gcid-body-color%22:%91%22button_text_color__hover%22,%22button_icon_color__hover%22%93,%22gcid-26293277-91c6-4eda-968e-3d49aa22b88e%22:%91%22button_bg_color%22,%22button_bg_color__hover%22%93,%22gcid-sx5venxf-yaxo-j1eo-hsnu-pwlxmy879oyn%22:%91%22button_bg_color__hover%22%93,%22gcid-a1322cde-11fa-49ad-bfde-4bfcbfab6344%22:%91%22button_bg_color%22%93,%22gcid-primary-color%22:%91%22animation_color%22,%22grouping_tax_title_text_color%22%93,%22gcid-3b72b89c-5cd2-422f-95e1-8f438e35cd49%22:%91%22loading_bg_color%22%93}&#8220; button_text_color__hover=&#8220;#002216&#8243; button_text_color__hover_enabled=&#8220;on|hover&#8220; button_bg_color__hover=&#8220;#fff17a&#8220; button_bg_color__hover_enabled=&#8220;on|hover&#8220; button_icon_color__hover=&#8220;#002216&#8243; button_icon_color__hover_enabled=&#8220;on|desktop&#8220; button_bg_enable_color__hover=&#8220;on&#8220; sticky_enabled=&#8220;0&#8243;][\/et_pb_de_mach_archive_loop][\/et_pb_column][\/et_pb_row][\/et_pb_section]<\/p>\n","protected":false},"excerpt":{"rendered":"<p>KontaktB\u00fcndnis 90 \/ Die Gr\u00fcnen in EssenKreisgesch\u00e4ftsstelle Kopstadtplatz 1345127 Essen2. Etage links 0201 24 76 433kreisverband@gruene-essen.de &nbsp; Gesch\u00e4ftszeiten Montag bis Donnerstag 9.00 \u2013 15.00 UhrFreitag 9.00 \u2013 13.00 UhrFraktionsgesch\u00e4ftsstelle Kopstadtplatz 1345127 Essen2. Etage rechts 0201 24 76 40info@gruene-fraktion-essen.de &nbsp; Gesch\u00e4ftszeiten Montag bis Freitag 9.00 \u2013 15.00 UhrUnser Team<\/p>\n","protected":false},"author":1,"featured_media":0,"parent":0,"menu_order":6,"comment_status":"closed","ping_status":"closed","template":"","meta":{"_acf_changed":false,"_et_pb_use_builder":"on","_et_pb_old_content":"","_et_gb_content_width":"","footnotes":""},"page_category":[],"class_list":["post-258352","page","type-page","status-publish","hentry"],"acf":[],"_links":{"self":[{"href":"https:\/\/stage.oktober.de\/gruene-essen\/wp-json\/wp\/v2\/pages\/258352","targetHints":{"allow":["GET"]}}],"collection":[{"href":"https:\/\/stage.oktober.de\/gruene-essen\/wp-json\/wp\/v2\/pages"}],"about":[{"href":"https:\/\/stage.oktober.de\/gruene-essen\/wp-json\/wp\/v2\/types\/page"}],"author":[{"embeddable":true,"href":"https:\/\/stage.oktober.de\/gruene-essen\/wp-json\/wp\/v2\/users\/1"}],"replies":[{"embeddable":true,"href":"https:\/\/stage.oktober.de\/gruene-essen\/wp-json\/wp\/v2\/comments?post=258352"}],"version-history":[{"count":17,"href":"https:\/\/stage.oktober.de\/gruene-essen\/wp-json\/wp\/v2\/pages\/258352\/revisions"}],"predecessor-version":[{"id":263827,"href":"https:\/\/stage.oktober.de\/gruene-essen\/wp-json\/wp\/v2\/pages\/258352\/revisions\/263827"}],"wp:attachment":[{"href":"https:\/\/stage.oktober.de\/gruene-essen\/wp-json\/wp\/v2\/media?parent=258352"}],"wp:term":[{"taxonomy":"page_category","embeddable":true,"href":"https:\/\/stage.oktober.de\/gruene-essen\/wp-json\/wp\/v2\/page_category?post=258352"}],"curies":[{"name":"wp","href":"https:\/\/api.w.org\/{rel}","templated":true}]}}