{"id":262226,"date":"2025-07-28T11:35:19","date_gmt":"2025-07-28T09:35:19","guid":{"rendered":"https:\/\/stage.oktober.de\/gruene-essen\/?page_id=262226"},"modified":"2026-03-11T09:16:07","modified_gmt":"2026-03-11T08:16:07","slug":"satzung-formales","status":"publish","type":"page","link":"https:\/\/stage.oktober.de\/gruene-essen\/satzung-formales\/","title":{"rendered":"Satzung &amp; Formales"},"content":{"rendered":"<p>[et_pb_section fb_built=&#8220;1&#8243; custom_padding_last_edited=&#8220;on|phone&#8220; disabled_on=&#8220;off|off|off&#8220; _builder_version=&#8220;4.27.4&#8243; _module_preset=&#8220;default&#8220; background_color=&#8220;gcid-3b72b89c-5cd2-422f-95e1-8f438e35cd49&#8243; custom_margin=&#8220;0px||0px||false|false&#8220; custom_padding=&#8220;120px||120px||true|false&#8220; custom_padding_tablet=&#8220;100px||100px||true|false&#8220; custom_padding_phone=&#8220;90px||90px||true|false&#8220; locked=&#8220;off&#8220; global_colors_info=&#8220;{%22gcid-3b72b89c-5cd2-422f-95e1-8f438e35cd49%22:%91%22background_color%22%93}&#8220;][et_pb_row use_custom_gutter=&#8220;on&#8220; gutter_width=&#8220;1&#8243; make_equal=&#8220;on&#8220; _builder_version=&#8220;4.27.4&#8243; _module_preset=&#8220;default&#8220; width=&#8220;90%&#8220; width_tablet=&#8220;90%&#8220; width_phone=&#8220;90%&#8220; width_last_edited=&#8220;on|desktop&#8220; max_width=&#8220;1280px&#8220; custom_margin=&#8220;||||false|false&#8220; custom_padding=&#8220;0px||0px||false|false&#8220; global_colors_info=&#8220;{}&#8220;][et_pb_column type=&#8220;4_4&#8243; _builder_version=&#8220;4.16.1&#8243; _module_preset=&#8220;default&#8220; custom_padding=&#8220;30px||||false|false&#8220; global_colors_info=&#8220;{}&#8220;][et_pb_heading title=&#8220;@ET-DC@eyJkeW5hbWljIjp0cnVlLCJjb250ZW50IjoicG9zdF90aXRsZSIsInNldHRpbmdzIjp7ImJlZm9yZSI6IiIsImFmdGVyIjoiIn19@&#8220; _builder_version=&#8220;4.27.4&#8243; _dynamic_attributes=&#8220;title&#8220; _module_preset=&#8220;default&#8220; custom_margin=&#8220;||20px||false|false&#8220; global_colors_info=&#8220;{}&#8220;][\/et_pb_heading][et_pb_text _builder_version=&#8220;4.27.4&#8243; _module_preset=&#8220;default&#8220; header_text_color=&#8220;gcid-primary-color&#8220; custom_margin=&#8220;40px||||false|false&#8220; hover_enabled=&#8220;0&#8243; locked=&#8220;off&#8220; global_colors_info=&#8220;{%22gcid-primary-color%22:%91%22header_text_color%22%93}&#8220; sticky_enabled=&#8220;0&#8243;]<\/p>\n<ul>\n<li><a href=\"https:\/\/stage.oktober.de\/gruene-essen\/wp-content\/uploads\/2026\/01\/25-11_Beitrags-und-Kassenordnung.pdf\" rel=\"attachment wp-att-263447\">Beitrags-und-Kassenordnung<\/a><\/li>\n<li><a href=\"https:\/\/stage.oktober.de\/gruene-essen\/wp-content\/uploads\/2026\/01\/25-11_SatzungKVEssen2012.pdf\" rel=\"attachment wp-att-263442\">Satzung als PDF<\/a><\/li>\n<li><a href=\"https:\/\/stage.oktober.de\/gruene-essen\/wp-content\/uploads\/2025\/07\/WahlordnungEssen-1.pdf\">Wahlordnung als PDF<\/a><\/li>\n<li><a href=\"https:\/\/stage.oktober.de\/gruene-essen\/wp-content\/uploads\/2025\/07\/StadteilundArbeitsgruppenstatut.pdf\">Stadtteil- und Arbeitsgruppenstatut des Kreisverbands Essen<\/a><\/li>\n<li><a href=\"https:\/\/stage.oktober.de\/gruene-essen\/wp-content\/uploads\/2026\/01\/260309-B90_Fraktion_Geschaeftsordnung.pdf\" rel=\"attachment wp-att-263543\">Gesch\u00e4ftsordnung der Fraktion<\/a><\/li>\n<\/ul>\n<p>[\/et_pb_text][et_pb_text _builder_version=&#8220;4.27.4&#8243; _module_preset=&#8220;default&#8220; header_text_color=&#8220;gcid-primary-color&#8220; custom_margin=&#8220;40px||||false|false&#8220; locked=&#8220;off&#8220; global_colors_info=&#8220;{%22gcid-primary-color%22:%91%22header_text_color%22%93}&#8220;]<\/p>\n<h2>Kostenerstattungsformulare<\/h2>\n<p>F\u00fcr Auslagen- und Reisekostenerstattungen sind ausschlie\u00dflich die hier verf\u00fcgbaren Erstattungsantr\u00e4ge zu verwenden. Diese liegen auch ausgedruckt in der Gesch\u00e4ftsstelle aus.<\/p>\n<p>Durch die von den Delegierten der LDK 2019 verabschiedete \u00c4nderung der Finanzordnung sind Erstattungsantr\u00e4ge zeitnah, sp\u00e4testens aber innerhalb von 3 Monaten nach Anfall der Ausgabe zu stellen. Erstattungsantr\u00e4ge f\u00fcr Ausgaben, die l\u00e4nger als 3 Monate zur\u00fcckliegen, sind nicht mehr erstattungsf\u00e4hig. Erstattungsantr\u00e4ge f\u00fcr Ausgaben im November oder Dezember eines Jahres sind sp\u00e4testens bis zum 31. Januar des Folgejahres zu stellen. Versp\u00e4tet eingereichte Antr\u00e4ge, werden an den\/die Absender*in zur\u00fcckgeschickt.<\/p>\n<p>[\/et_pb_text][et_pb_text _builder_version=&#8220;4.27.4&#8243; _module_preset=&#8220;default&#8220; header_text_color=&#8220;gcid-primary-color&#8220; custom_margin=&#8220;40px||||false|false&#8220; locked=&#8220;off&#8220; global_colors_info=&#8220;{%22gcid-primary-color%22:%91%22header_text_color%22%93}&#8220;]<\/p>\n<ul>\n<li><a href=\"https:\/\/stage.oktober.de\/gruene-essen\/wp-content\/uploads\/2025\/07\/Reisekostenformular-LV-ab-1.1.20.xlsx\" role=\"link\">Reisekostenformular Excel ab 2020<\/a><\/li>\n<li><a href=\"https:\/\/stage.oktober.de\/gruene-essen\/wp-content\/uploads\/2025\/07\/Reisekostenformular-LV-ab-1.1.20.pdf\" role=\"link\">Reisekostenformular PDF (nicht ausf\u00fcllbar) ab 2020<\/a><\/li>\n<li><a href=\"https:\/\/stage.oktober.de\/gruene-essen\/wp-content\/uploads\/2025\/07\/Vorlage-Auslagenerstattung.xlsx\" role=\"link\">Kostenerstatungsformular Excel<\/a><\/li>\n<li><a href=\"https:\/\/stage.oktober.de\/gruene-essen\/wp-content\/uploads\/2025\/07\/Vorlage-Auslagenerstattung.pdf\" role=\"link\">Kostenerstattungsformular PDF (nicht ausf\u00fcllbar)<\/a><\/li>\n<\/ul>\n<p>[\/et_pb_text][\/et_pb_column][\/et_pb_row][\/et_pb_section]<\/p>\n","protected":false},"excerpt":{"rendered":"<p>Beitrags-und-Kassenordnung Satzung als PDF Wahlordnung als PDF Stadtteil- und Arbeitsgruppenstatut des Kreisverbands Essen Gesch\u00e4ftsordnung der Fraktion Kostenerstattungsformulare F\u00fcr Auslagen- und Reisekostenerstattungen sind ausschlie\u00dflich die hier verf\u00fcgbaren Erstattungsantr\u00e4ge zu verwenden. Diese liegen auch ausgedruckt in der Gesch\u00e4ftsstelle aus. Durch die von den Delegierten der LDK 2019 verabschiedete \u00c4nderung der Finanzordnung sind Erstattungsantr\u00e4ge zeitnah, sp\u00e4testens aber innerhalb [&hellip;]<\/p>\n","protected":false},"author":2,"featured_media":0,"parent":0,"menu_order":10,"comment_status":"closed","ping_status":"closed","template":"","meta":{"_acf_changed":false,"_et_pb_use_builder":"on","_et_pb_old_content":"","_et_gb_content_width":"","footnotes":""},"page_category":[],"class_list":["post-262226","page","type-page","status-publish","hentry"],"acf":[],"_links":{"self":[{"href":"https:\/\/stage.oktober.de\/gruene-essen\/wp-json\/wp\/v2\/pages\/262226","targetHints":{"allow":["GET"]}}],"collection":[{"href":"https:\/\/stage.oktober.de\/gruene-essen\/wp-json\/wp\/v2\/pages"}],"about":[{"href":"https:\/\/stage.oktober.de\/gruene-essen\/wp-json\/wp\/v2\/types\/page"}],"author":[{"embeddable":true,"href":"https:\/\/stage.oktober.de\/gruene-essen\/wp-json\/wp\/v2\/users\/2"}],"replies":[{"embeddable":true,"href":"https:\/\/stage.oktober.de\/gruene-essen\/wp-json\/wp\/v2\/comments?post=262226"}],"version-history":[{"count":12,"href":"https:\/\/stage.oktober.de\/gruene-essen\/wp-json\/wp\/v2\/pages\/262226\/revisions"}],"predecessor-version":[{"id":263545,"href":"https:\/\/stage.oktober.de\/gruene-essen\/wp-json\/wp\/v2\/pages\/262226\/revisions\/263545"}],"wp:attachment":[{"href":"https:\/\/stage.oktober.de\/gruene-essen\/wp-json\/wp\/v2\/media?parent=262226"}],"wp:term":[{"taxonomy":"page_category","embeddable":true,"href":"https:\/\/stage.oktober.de\/gruene-essen\/wp-json\/wp\/v2\/page_category?post=262226"}],"curies":[{"name":"wp","href":"https:\/\/api.w.org\/{rel}","templated":true}]}}