{"id":263910,"date":"2026-03-30T17:05:34","date_gmt":"2026-03-30T15:05:34","guid":{"rendered":"https:\/\/stage.oktober.de\/gruene-essen\/?page_id=263910"},"modified":"2026-03-30T17:05:34","modified_gmt":"2026-03-30T15:05:34","slug":"spenden-neu","status":"publish","type":"page","link":"https:\/\/stage.oktober.de\/gruene-essen\/mitmachen\/spenden-neu\/","title":{"rendered":"Spenden (neue Seite)"},"content":{"rendered":"<p>[et_pb_section fb_built=&#8220;1&#8243; custom_padding_last_edited=&#8220;on|phone&#8220; disabled_on=&#8220;off|off|off&#8220; _builder_version=&#8220;4.27.4&#8243; _module_preset=&#8220;default&#8220; background_color=&#8220;gcid-3b72b89c-5cd2-422f-95e1-8f438e35cd49&#8243; custom_margin=&#8220;0px||0px||false|false&#8220; custom_padding=&#8220;120px||120px||true|false&#8220; custom_padding_tablet=&#8220;100px||100px||true|false&#8220; custom_padding_phone=&#8220;90px||90px||true|false&#8220; locked=&#8220;off&#8220; global_colors_info=&#8220;{%22gcid-3b72b89c-5cd2-422f-95e1-8f438e35cd49%22:%91%22background_color%22%93}&#8220;][et_pb_row use_custom_gutter=&#8220;on&#8220; gutter_width=&#8220;1&#8243; make_equal=&#8220;on&#8220; _builder_version=&#8220;4.27.4&#8243; _module_preset=&#8220;default&#8220; width=&#8220;90%&#8220; width_tablet=&#8220;90%&#8220; width_phone=&#8220;90%&#8220; width_last_edited=&#8220;on|desktop&#8220; max_width=&#8220;1280px&#8220; custom_margin=&#8220;||||false|false&#8220; custom_padding=&#8220;0px||0px||false|false&#8220; global_colors_info=&#8220;{}&#8220;][et_pb_column type=&#8220;4_4&#8243; _builder_version=&#8220;4.16.1&#8243; _module_preset=&#8220;default&#8220; custom_padding=&#8220;30px||||false|false&#8220; global_colors_info=&#8220;{}&#8220;][et_pb_heading title=&#8220;Spenden&#8220; _builder_version=&#8220;4.27.6&#8243; _module_preset=&#8220;default&#8220; custom_margin=&#8220;||20px||false|false&#8220; hover_enabled=&#8220;0&#8243; global_colors_info=&#8220;{}&#8220; sticky_enabled=&#8220;0&#8243;][\/et_pb_heading][\/et_pb_column][\/et_pb_row][et_pb_row column_structure=&#8220;1_2,1_2&#8243; make_equal=&#8220;on&#8220; _builder_version=&#8220;4.27.5&#8243; _module_preset=&#8220;default&#8220; width=&#8220;90%&#8220; width_tablet=&#8220;90%&#8220; width_phone=&#8220;90%&#8220; width_last_edited=&#8220;on|desktop&#8220; max_width=&#8220;1280px&#8220; custom_margin=&#8220;||||false|false&#8220; custom_padding=&#8220;0px||0px||false|false&#8220; global_colors_info=&#8220;{}&#8220;][et_pb_column type=&#8220;1_2&#8243; _builder_version=&#8220;4.27.5&#8243; _module_preset=&#8220;default&#8220; custom_padding=&#8220;||||false|false&#8220; global_colors_info=&#8220;{}&#8220;][et_pb_text _builder_version=&#8220;4.27.5&#8243; _module_preset=&#8220;default&#8220; header_text_color=&#8220;gcid-primary-color&#8220; custom_margin=&#8220;||||false|false&#8220; locked=&#8220;off&#8220; global_colors_info=&#8220;{%22gcid-primary-color%22:%91%22header_text_color%22%93}&#8220;]<\/p>\n<p>Spenden an politische Parteien sind steuerlich absetzbar. Bis zu einer H\u00f6he von 3.300,- \u20ac (6.600,- \u20ac bei Zusammenveranlagung von Ehepaaren und eingetragenen Lebenspartner*innen) pro Jahr k\u00f6nnen Mitgliedsbeitr\u00e4ge und Spenden an politische Parteien als Steuererm\u00e4\u00dfigung nach \u00a7 34g EStG geltend gemacht werden. Diese wirken sich zu 50 % direkt steuermindernd aus. Eine Spendenquittung stellen wir im 1. Quartal des Folgejahres aus.<\/p>\n<p>[\/et_pb_text][\/et_pb_column][et_pb_column type=&#8220;1_2&#8243; _builder_version=&#8220;4.27.5&#8243; _module_preset=&#8220;default&#8220; background_color=&#8220;#005538&#8243; custom_padding=&#8220;24px|24px|24px|24px|true|true&#8220; border_radii=&#8220;on|20px|20px|20px|20px&#8220; global_colors_info=&#8220;{}&#8220;][et_pb_text _builder_version=&#8220;4.27.5&#8243; _module_preset=&#8220;default&#8220; text_text_color=&#8220;#FFFFFF&#8220; header_text_color=&#8220;gcid-primary-color&#8220; header_2_text_color=&#8220;#FFFFFF&#8220; header_3_text_color=&#8220;#FFFFFF&#8220; locked=&#8220;off&#8220; global_colors_info=&#8220;{%22gcid-primary-color%22:%91%22header_text_color%22%93}&#8220;]<\/p>\n<h3>Unsere Bankverbindung:<\/h3>\n<p>B\u00dcNDNIS 90\/DIE GR\u00dcNEN Essen<br \/>Sparkasse Essen<br \/>IBAN: DE61 3605 0105 0000 2052 11<\/p>\n<p>[\/et_pb_text][\/et_pb_column][\/et_pb_row][et_pb_row custom_padding_last_edited=&#8220;on|tablet&#8220; admin_label=&#8220;accordion row&#8220; _builder_version=&#8220;4.27.4&#8243; _module_preset=&#8220;default&#8220; width=&#8220;90%&#8220; width_tablet=&#8220;90%&#8220; width_phone=&#8220;90%&#8220; width_last_edited=&#8220;on|phone&#8220; max_width=&#8220;1280px&#8220; custom_padding=&#8220;4%||8%||false|false&#8220; custom_padding_tablet=&#8220;||120px||false|false&#8220; custom_padding_phone=&#8220;0px||80px||false|false&#8220; locked=&#8220;off&#8220; global_colors_info=&#8220;{}&#8220;][et_pb_column type=&#8220;4_4&#8243; _builder_version=&#8220;4.27.4&#8243; _module_preset=&#8220;default&#8220; global_colors_info=&#8220;{}&#8220;][et_pb_text admin_label=&#8220;headline&#8220; _builder_version=&#8220;4.27.4&#8243; _module_preset=&#8220;default&#8220; global_colors_info=&#8220;{}&#8220;]<\/p>\n<h2>FAQ<\/h2>\n<p>[\/et_pb_text][et_pb_accordion toggle_icon=&#8220;&#x32;||divi||400&#8243; icon_color=&#8220;gcid-primary-color&#8220; module_class=&#8220;accordion-module&#8220; _builder_version=&#8220;4.27.4&#8243; _module_preset=&#8220;default&#8220; custom_margin=&#8220;||||false|false&#8220; custom_padding=&#8220;|0px||0px|false|false&#8220; border_width_all=&#8220;0px&#8220; global_colors_info=&#8220;{%22gcid-primary-color%22:%91%22icon_color%22%93,%22gcid-body-color%22:%91%22icon_color__hover%22%93}&#8220; icon_color__hover_enabled=&#8220;on|hover&#8220; icon_color__hover=&#8220;#002216&#8243;][et_pb_accordion_item title=&#8220;Wie werde ich Mitglied?&#8220; open=&#8220;on&#8220; open_toggle_text_color=&#8220;gcid-heading-color&#8220; icon_color=&#8220;gcid-primary-color&#8220; toggle_icon=&#8220;&#x33;||divi||400&#8243; use_icon_font_size=&#8220;on&#8220; icon_font_size=&#8220;40px&#8220; icon_font_size_tablet=&#8220;32px&#8220; icon_font_size_phone=&#8220;28px&#8220; icon_font_size_last_edited=&#8220;on|phone&#8220; _builder_version=&#8220;4.27.4&#8243; _module_preset=&#8220;default&#8220; background_color=&#8220;RGBA(255,255,255,0)&#8220; background_enable_color=&#8220;on&#8220; custom_padding=&#8220;|10px||0px|false|false&#8220; border_width_bottom=&#8220;1.5px&#8220; border_color_bottom=&#8220;#676767&#8243; border_style_bottom=&#8220;dotted&#8220; icon_color__hover=&#8220;#002216&#8243; icon_color__hover_enabled=&#8220;on|desktop&#8220; global_colors_info=&#8220;{%22gcid-heading-color%22:%91%22open_toggle_text_color%22,%22toggle_text_color%22,%22open_toggle_text_color%22,%22toggle_text_color%22,%22open_toggle_text_color%22,%22toggle_text_color%22,%22open_toggle_text_color%22,%22toggle_text_color%22%93,%22gcid-body-color%22:%91%22open_toggle_text_color__hover%22,%22toggle_text_color__hover%22,%22icon_color__hover%22,%22open_toggle_text_color__hover%22,%22toggle_text_color__hover%22,%22open_toggle_text_color__hover%22,%22toggle_text_color__hover%22,%22open_toggle_text_color__hover%22,%22toggle_text_color__hover%22%93,%22gcid-primary-color%22:%91%22icon_color%22,%22icon_color%22%93}&#8220; toggle_text_color=&#8220;gcid-heading-color&#8220; toggle_level=&#8220;h3&#8243; open_toggle_text_color__hover_enabled=&#8220;on|desktop&#8220; open_toggle_text_color__hover=&#8220;#002216&#8243; toggle_text_color__hover_enabled=&#8220;on|hover&#8220; toggle_text_color__hover=&#8220;#002216&#8243;]<\/p>\n<ul>\n<li>F\u00fclle das entsprechende <a href=\"https:\/\/www.gruene.de\/mitglied-werden\">Mitgliedsformular<\/a> aus oder besuche uns in unserem Gr\u00fcnen Parteib\u00fcro in der XXX und f\u00fclle das Formular direkt vor Ort aus!<\/li>\n<\/ul>\n<p>[\/et_pb_accordion_item][et_pb_accordion_item title=&#8220;Was kostet mich eine Mitgliedschaft?&#8220; open_toggle_text_color=&#8220;gcid-heading-color&#8220; icon_color=&#8220;gcid-primary-color&#8220; toggle_icon=&#8220;&#x33;||divi||400&#8243; use_icon_font_size=&#8220;on&#8220; icon_font_size=&#8220;40px&#8220; icon_font_size_tablet=&#8220;32px&#8220; icon_font_size_phone=&#8220;28px&#8220; icon_font_size_last_edited=&#8220;on|phone&#8220; _builder_version=&#8220;4.27.4&#8243; _module_preset=&#8220;default&#8220; background_color=&#8220;RGBA(255,255,255,0)&#8220; background_enable_color=&#8220;on&#8220; custom_padding=&#8220;|10px||0px|false|false&#8220; border_width_bottom=&#8220;1.5px&#8220; border_color_bottom=&#8220;#676767&#8243; border_style_bottom=&#8220;dotted&#8220; icon_color__hover=&#8220;#002216&#8243; icon_color__hover_enabled=&#8220;on|desktop&#8220; global_colors_info=&#8220;{%22gcid-heading-color%22:%91%22open_toggle_text_color%22,%22toggle_text_color%22,%22open_toggle_text_color%22,%22toggle_text_color%22,%22open_toggle_text_color%22,%22toggle_text_color%22,%22open_toggle_text_color%22,%22toggle_text_color%22%93,%22gcid-body-color%22:%91%22open_toggle_text_color__hover%22,%22toggle_text_color__hover%22,%22icon_color__hover%22,%22open_toggle_text_color__hover%22,%22toggle_text_color__hover%22,%22open_toggle_text_color__hover%22,%22toggle_text_color__hover%22,%22open_toggle_text_color__hover%22,%22toggle_text_color__hover%22%93,%22gcid-primary-color%22:%91%22icon_color%22%93}&#8220; toggle_text_color=&#8220;gcid-heading-color&#8220; toggle_level=&#8220;h3&#8243; open_toggle_text_color__hover_enabled=&#8220;on|desktop&#8220; open_toggle_text_color__hover=&#8220;#002216&#8243; toggle_text_color__hover_enabled=&#8220;on|hover&#8220; toggle_text_color__hover=&#8220;#002216&#8243; open=&#8220;off&#8220;]<\/p>\n<ul>\n<li>Der empfohlene Mitgliedsbeitrag betr\u00e4gt 1,5% vom Nettoeinkommen abz\u00fcglich 400 Euro je zu versorgendem Familienmitglied. Der Mindestbeitrag betr\u00e4gt 12 Euro im Monat. F\u00fcr Mitglieder mit einem monatlichen Nettoeinkommen unter 1000 \u20ac liegt er bei 7,50 Euro im Monat.<\/li>\n<\/ul>\n<p>[\/et_pb_accordion_item][et_pb_accordion_item title=&#8220;Mitgliedsformular ausgef\u00fcllt &#8211; und wie geht es dann weiter?&#8220; open_toggle_text_color=&#8220;gcid-heading-color&#8220; icon_color=&#8220;gcid-primary-color&#8220; toggle_icon=&#8220;&#x33;||divi||400&#8243; use_icon_font_size=&#8220;on&#8220; icon_font_size=&#8220;40px&#8220; icon_font_size_tablet=&#8220;32px&#8220; icon_font_size_phone=&#8220;28px&#8220; icon_font_size_last_edited=&#8220;on|phone&#8220; _builder_version=&#8220;4.27.4&#8243; _module_preset=&#8220;default&#8220; background_color=&#8220;RGBA(255,255,255,0)&#8220; background_enable_color=&#8220;on&#8220; custom_padding=&#8220;|10px||0px|false|false&#8220; border_width_bottom=&#8220;1.5px&#8220; border_color_bottom=&#8220;#676767&#8243; border_style_bottom=&#8220;dotted&#8220; icon_color__hover=&#8220;#002216&#8243; icon_color__hover_enabled=&#8220;on|desktop&#8220; global_colors_info=&#8220;{%22gcid-heading-color%22:%91%22open_toggle_text_color%22,%22toggle_text_color%22,%22open_toggle_text_color%22,%22toggle_text_color%22,%22open_toggle_text_color%22,%22toggle_text_color%22,%22open_toggle_text_color%22,%22toggle_text_color%22%93,%22gcid-body-color%22:%91%22open_toggle_text_color__hover%22,%22toggle_text_color__hover%22,%22icon_color__hover%22,%22open_toggle_text_color__hover%22,%22toggle_text_color__hover%22,%22open_toggle_text_color__hover%22,%22toggle_text_color__hover%22,%22open_toggle_text_color__hover%22,%22toggle_text_color__hover%22%93,%22gcid-primary-color%22:%91%22icon_color%22,%22icon_color%22%93}&#8220; toggle_text_color=&#8220;gcid-heading-color&#8220; toggle_level=&#8220;h3&#8243; open_toggle_text_color__hover_enabled=&#8220;on|desktop&#8220; open_toggle_text_color__hover=&#8220;#002216&#8243; toggle_text_color__hover_enabled=&#8220;on|hover&#8220; toggle_text_color__hover=&#8220;#002216&#8243; open=&#8220;off&#8220;]<\/p>\n<ul>\n<li>Besuche uns. Unter der Rubrik Termine findest du zahlreiche Gelegenheiten uns zu besuchen. Pack deinen Mut und komm vorbei, denn wir bei\u00dfen nicht! Wir freuen uns dich kennenzulernen! Sobald dein Antrag bearbeitet ist wird sich unser Gesch\u00e4ftsf\u00fchrer, der Olli, mit dir in Verbindung setzen. Warte aber nicht darauf und komm ruhig schon eher vorbei!<\/li>\n<\/ul>\n<p>[\/et_pb_accordion_item][et_pb_accordion_item title=&#8220;Muss ich Mitglied sein um mitzumischen?&#8220; open_toggle_text_color=&#8220;gcid-heading-color&#8220; icon_color=&#8220;gcid-primary-color&#8220; toggle_icon=&#8220;&#x33;||divi||400&#8243; use_icon_font_size=&#8220;on&#8220; icon_font_size=&#8220;40px&#8220; icon_font_size_tablet=&#8220;32px&#8220; icon_font_size_phone=&#8220;28px&#8220; icon_font_size_last_edited=&#8220;on|phone&#8220; _builder_version=&#8220;4.27.4&#8243; _module_preset=&#8220;default&#8220; background_color=&#8220;RGBA(255,255,255,0)&#8220; background_enable_color=&#8220;on&#8220; custom_padding=&#8220;|10px||0px|false|false&#8220; border_width_bottom=&#8220;1.5px&#8220; border_color_bottom=&#8220;#676767&#8243; border_style_bottom=&#8220;dotted&#8220; icon_color__hover=&#8220;#002216&#8243; icon_color__hover_enabled=&#8220;on|desktop&#8220; global_colors_info=&#8220;{%22gcid-heading-color%22:%91%22open_toggle_text_color%22,%22toggle_text_color%22,%22open_toggle_text_color%22,%22toggle_text_color%22%93,%22gcid-body-color%22:%91%22open_toggle_text_color__hover%22,%22toggle_text_color__hover%22,%22icon_color__hover%22,%22open_toggle_text_color__hover%22,%22toggle_text_color__hover%22%93,%22gcid-primary-color%22:%91%22icon_color%22%93}&#8220; toggle_text_color=&#8220;gcid-heading-color&#8220; toggle_level=&#8220;h3&#8243; open_toggle_text_color__hover_enabled=&#8220;on|desktop&#8220; open_toggle_text_color__hover=&#8220;#002216&#8243; toggle_text_color__hover_enabled=&#8220;on|hover&#8220; toggle_text_color__hover=&#8220;#002216&#8243; open=&#8220;off&#8220;]<\/p>\n<ul>\n<li>Nat\u00fcrlich nicht! Als Sympathisant*in hast du die M\u00f6glichkeit an vielen Sitzungen teilzunehmen, Aktionen mitzuplanen und umzusetzen. Auch in den Arbeitsgemeinschaften kannst du mitdiskutieren. Wenn du bei uns auf Parteitagen mitentscheiden m\u00f6chtest ist eine Mitgliedschaft aber notwendig.<\/li>\n<\/ul>\n<p>[\/et_pb_accordion_item][\/et_pb_accordion][\/et_pb_column][\/et_pb_row][\/et_pb_section]<\/p>\n","protected":false},"excerpt":{"rendered":"<p>Spenden an politische Parteien sind steuerlich absetzbar. Bis zu einer H\u00f6he von 3.300,- \u20ac (6.600,- \u20ac bei Zusammenveranlagung von Ehepaaren und eingetragenen Lebenspartner*innen) pro Jahr k\u00f6nnen Mitgliedsbeitr\u00e4ge und Spenden an politische Parteien als Steuererm\u00e4\u00dfigung nach \u00a7 34g EStG geltend gemacht werden. Diese wirken sich zu 50 % direkt steuermindernd aus. Eine Spendenquittung stellen wir im [&hellip;]<\/p>\n","protected":false},"author":1,"featured_media":0,"parent":258358,"menu_order":4,"comment_status":"closed","ping_status":"closed","template":"","meta":{"_acf_changed":false,"_et_pb_use_builder":"on","_et_pb_old_content":"","_et_gb_content_width":"","footnotes":""},"page_category":[],"class_list":["post-263910","page","type-page","status-publish","hentry"],"acf":[],"_links":{"self":[{"href":"https:\/\/stage.oktober.de\/gruene-essen\/wp-json\/wp\/v2\/pages\/263910","targetHints":{"allow":["GET"]}}],"collection":[{"href":"https:\/\/stage.oktober.de\/gruene-essen\/wp-json\/wp\/v2\/pages"}],"about":[{"href":"https:\/\/stage.oktober.de\/gruene-essen\/wp-json\/wp\/v2\/types\/page"}],"author":[{"embeddable":true,"href":"https:\/\/stage.oktober.de\/gruene-essen\/wp-json\/wp\/v2\/users\/1"}],"replies":[{"embeddable":true,"href":"https:\/\/stage.oktober.de\/gruene-essen\/wp-json\/wp\/v2\/comments?post=263910"}],"version-history":[{"count":4,"href":"https:\/\/stage.oktober.de\/gruene-essen\/wp-json\/wp\/v2\/pages\/263910\/revisions"}],"predecessor-version":[{"id":263986,"href":"https:\/\/stage.oktober.de\/gruene-essen\/wp-json\/wp\/v2\/pages\/263910\/revisions\/263986"}],"up":[{"embeddable":true,"href":"https:\/\/stage.oktober.de\/gruene-essen\/wp-json\/wp\/v2\/pages\/258358"}],"wp:attachment":[{"href":"https:\/\/stage.oktober.de\/gruene-essen\/wp-json\/wp\/v2\/media?parent=263910"}],"wp:term":[{"taxonomy":"page_category","embeddable":true,"href":"https:\/\/stage.oktober.de\/gruene-essen\/wp-json\/wp\/v2\/page_category?post=263910"}],"curies":[{"name":"wp","href":"https:\/\/api.w.org\/{rel}","templated":true}]}}